{"id":250,"date":"2025-05-31T11:35:47","date_gmt":"2025-05-31T09:35:47","guid":{"rendered":"https:\/\/www.funnel.center\/impressum\/"},"modified":"2025-07-21T23:45:06","modified_gmt":"2025-07-21T21:45:06","slug":"impressum","status":"publish","type":"page","link":"https:\/\/www.funnel.center\/de\/impressum\/","title":{"rendered":"Impressum"},"content":{"rendered":"<p data-end=\"211\" data-start=\"142\">Angaben gem\u00e4\u00df \u00a7 5 DDG<\/p>\n<p data-end=\"294\" data-start=\"213\"><strong data-end=\"231\" data-start=\"213\">Funnels.Agency<\/strong>Georgios SotiriouWarthestra\u00dfe 3912051 BerlinDeutschland<\/p>\n<p data-end=\"405\" data-start=\"394\"><strong data-end=\"405\" data-start=\"394\">Kontakt<\/strong>Telefon: +49 160 5020199E-Mail: <a style=\"outline: none;\" rel=\"noopener\" data-end=\"465\" data-start=\"439\">funnelsagencyltd@gmail.com<\/a><\/p>\n<p data-end=\"552\" data-start=\"467\"><strong data-end=\"481\" data-start=\"467\">Steuernummer \/ ID<\/strong>:16\/538\/04049DE454435364<\/p>\n<p data-end=\"800\" data-start=\"554\"><strong data-end=\"615\" data-start=\"554\">Keine R\u00fcckgabe f\u00fcr bereitgestellte Dienstleistungen oder herunterladbare Produkte<\/strong>Wir bieten keine R\u00fcckerstattung f\u00fcr erbrachte oder speziell auf den Kunden zugeschnittene Dienstleistungen an. Herunterladbare Medien und lizenzierte Produkte sind von R\u00fcckgaben und R\u00fcckerstattungen ausgeschlossen.<\/p>\n<p data-end=\"800\" data-start=\"554\"><strong>Hinweis zur Barrierefreiheit gem\u00e4\u00df \u00a7 3 BFSG<\/strong>Die angebotenen Produkte und Dienstleistungen auf dieser Website richten sich ausschlie\u00dflich an Unternehmen (B2B) im Sinne von \u00a7 14 BGB.Da Funnels.Agency weniger als 10 Mitarbeiter besch\u00e4ftigt und einen Jahresumsatz bzw. eine Jahresbilanzsumme von unter 2 Millionen Euro erzielt, ist das Unternehmen nach \u00a7 3 Absatz 3 BFSG nicht unmittelbar verpflichtet, die Anforderungen an digitale Barrierefreiheit umzusetzen.Unabh\u00e4ngig davon ist es unser Ziel, die Inhalte und Services f\u00fcr alle Nutzer so zug\u00e4nglich und verst\u00e4ndlich wie m\u00f6glich zu gestalten.<\/p>\n","protected":false},"excerpt":{"rendered":"<p>Angaben gem\u00e4\u00df \u00a7 5 DDG Funnels.AgencyGeorgios SotiriouWarthestra\u00dfe 3912051 BerlinDeutschland KontaktTelefon: +49 160 5020199E-Mail: funnelsagencyltd@gmail.com Steuernummer \/ ID:16\/538\/04049DE454435364 Keine R\u00fcckgabe f\u00fcr bereitgestellte Dienstleistungen oder herunterladbare ProdukteWir bieten keine R\u00fcckerstattung f\u00fcr erbrachte oder speziell auf den Kunden zugeschnittene Dienstleistungen an. Herunterladbare Medien und lizenzierte Produkte sind von R\u00fcckgaben und R\u00fcckerstattungen ausgeschlossen. Hinweis zur Barrierefreiheit gem\u00e4\u00df \u00a7 3 [&hellip;]<\/p>\n","protected":false},"author":1,"featured_media":0,"parent":0,"menu_order":0,"comment_status":"closed","ping_status":"closed","template":"","meta":{"_acf_changed":false,"footnotes":""},"class_list":["post-250","page","type-page","status-publish","hentry","post-wrapper","thrv_wrapper"],"acf":[],"_links":{"self":[{"href":"https:\/\/www.funnel.center\/de\/wp-json\/wp\/v2\/pages\/250","targetHints":{"allow":["GET"]}}],"collection":[{"href":"https:\/\/www.funnel.center\/de\/wp-json\/wp\/v2\/pages"}],"about":[{"href":"https:\/\/www.funnel.center\/de\/wp-json\/wp\/v2\/types\/page"}],"author":[{"embeddable":true,"href":"https:\/\/www.funnel.center\/de\/wp-json\/wp\/v2\/users\/1"}],"replies":[{"embeddable":true,"href":"https:\/\/www.funnel.center\/de\/wp-json\/wp\/v2\/comments?post=250"}],"version-history":[{"count":0,"href":"https:\/\/www.funnel.center\/de\/wp-json\/wp\/v2\/pages\/250\/revisions"}],"wp:attachment":[{"href":"https:\/\/www.funnel.center\/de\/wp-json\/wp\/v2\/media?parent=250"}],"curies":[{"name":"wp","href":"https:\/\/api.w.org\/{rel}","templated":true}]}}